{"id":5479,"date":"2023-07-04T16:44:00","date_gmt":"2023-07-04T14:44:00","guid":{"rendered":"https:\/\/www.esxarcurestaurante.com\/?page_id=5479"},"modified":"2023-07-04T16:53:17","modified_gmt":"2023-07-04T14:53:17","slug":"reservations","status":"publish","type":"page","link":"https:\/\/www.esxarcurestaurante.com\/en\/reservations\/","title":{"rendered":"Reservations"},"content":{"rendered":"<section class=\"wpb-content-wrapper\"><p>[vc_row][vc_column][vc_column_text]<script type=\"text\/javascript\" src=\"https:\/\/www.covermanager.com\/js\/iframeResizer.min.js\"><\/script><br \/>\n<iframe id=\"restaurante-es-xarcu-Ibiza\" title=\"Reservas\" src=\"https:\/\/www.covermanager.com\/reserve\/module_restaurant\/restaurante-es-xarcu-Ibiza\/english\" width=\"100%\" height=\"1150\" frameborder=\"0\"><\/iframe>[\/vc_column_text][\/vc_column][\/vc_row]<\/p>\n<\/section>","protected":false},"excerpt":{"rendered":"<p>[vc_row][vc_column][vc_column_text] [\/vc_column_text][\/vc_column][\/vc_row]<\/p>\n","protected":false},"author":1,"featured_media":0,"parent":0,"menu_order":0,"comment_status":"closed","ping_status":"closed","template":"","meta":{"ngg_post_thumbnail":0},"yoast_head":"<!-- This site is optimized with the Yoast SEO plugin v20.12 - https:\/\/yoast.com\/wordpress\/plugins\/seo\/ -->\n<title>Reservations - Es Xarcu Restaurante Ibiza<\/title>\n<meta name=\"description\" content=\"Make your reservation quickly and easily at Es Xarcu Es Cubells below.\" \/>\n<meta name=\"robots\" content=\"index, follow, max-snippet:-1, max-image-preview:large, max-video-preview:-1\" \/>\n<link rel=\"canonical\" href=\"https:\/\/www.esxarcurestaurante.com\/en\/reservations\/\" \/>\n<meta property=\"og:locale\" content=\"en_US\" \/>\n<meta property=\"og:type\" content=\"article\" \/>\n<meta property=\"og:title\" content=\"Reservations - Es Xarcu Restaurante Ibiza\" \/>\n<meta property=\"og:description\" content=\"Make your reservation quickly and easily at Es Xarcu Es Cubells below.\" \/>\n<meta property=\"og:url\" content=\"https:\/\/www.esxarcurestaurante.com\/en\/reservations\/\" \/>\n<meta property=\"og:site_name\" content=\"Es Xarcu Restaurante Ibiza\" \/>\n<meta property=\"article:modified_time\" content=\"2023-07-04T14:53:17+00:00\" \/>\n<meta name=\"twitter:card\" content=\"summary_large_image\" \/>\n<meta name=\"twitter:label1\" content=\"Est. reading time\" \/>\n\t<meta name=\"twitter:data1\" content=\"1 minute\" \/>\n<script type=\"application\/ld+json\" class=\"yoast-schema-graph\">{\"@context\":\"https:\/\/schema.org\",\"@graph\":[{\"@type\":\"WebPage\",\"@id\":\"https:\/\/www.esxarcurestaurante.com\/en\/reservations\/\",\"url\":\"https:\/\/www.esxarcurestaurante.com\/en\/reservations\/\",\"name\":\"Reservations - Es Xarcu Restaurante Ibiza\",\"isPartOf\":{\"@id\":\"https:\/\/www.esxarcurestaurante.com\/en\/#website\"},\"datePublished\":\"2023-07-04T14:44:00+00:00\",\"dateModified\":\"2023-07-04T14:53:17+00:00\",\"description\":\"Make your reservation quickly and easily at Es Xarcu Es Cubells below.\",\"breadcrumb\":{\"@id\":\"https:\/\/www.esxarcurestaurante.com\/en\/reservations\/#breadcrumb\"},\"inLanguage\":\"en-US\",\"potentialAction\":[{\"@type\":\"ReadAction\",\"target\":[\"https:\/\/www.esxarcurestaurante.com\/en\/reservations\/\"]}]},{\"@type\":\"BreadcrumbList\",\"@id\":\"https:\/\/www.esxarcurestaurante.com\/en\/reservations\/#breadcrumb\",\"itemListElement\":[{\"@type\":\"ListItem\",\"position\":1,\"name\":\"Portada\",\"item\":\"https:\/\/www.esxarcurestaurante.com\/en\/\"},{\"@type\":\"ListItem\",\"position\":2,\"name\":\"Reservations\"}]},{\"@type\":\"WebSite\",\"@id\":\"https:\/\/www.esxarcurestaurante.com\/en\/#website\",\"url\":\"https:\/\/www.esxarcurestaurante.com\/en\/\",\"name\":\"Es Xarcu Restaurante Ibiza\",\"description\":\"Restaurante Es Xarcu, donde disfrutar de la mejor cocina t\u00edpica ibicenca: aut\u00e9nticos pescados frescos de la Ibiza (rotja, denton, mero, gallo de San Pedro), gamba roja, jam\u00f3n cortado al momento y una amplia selecci\u00f3n de vinos.\",\"publisher\":{\"@id\":\"https:\/\/www.esxarcurestaurante.com\/en\/#organization\"},\"potentialAction\":[{\"@type\":\"SearchAction\",\"target\":{\"@type\":\"EntryPoint\",\"urlTemplate\":\"https:\/\/www.esxarcurestaurante.com\/en\/?s={search_term_string}\"},\"query-input\":\"required name=search_term_string\"}],\"inLanguage\":\"en-US\"},{\"@type\":\"Organization\",\"@id\":\"https:\/\/www.esxarcurestaurante.com\/en\/#organization\",\"name\":\"Es Xarcu Restaurante Ibiza\",\"url\":\"https:\/\/www.esxarcurestaurante.com\/en\/\",\"logo\":{\"@type\":\"ImageObject\",\"inLanguage\":\"en-US\",\"@id\":\"https:\/\/www.esxarcurestaurante.com\/en\/#\/schema\/logo\/image\/\",\"url\":\"https:\/\/www.esxarcurestaurante.com\/wp-content\/uploads\/2017\/04\/logo-es-xarcu-mobile.png\",\"contentUrl\":\"https:\/\/www.esxarcurestaurante.com\/wp-content\/uploads\/2017\/04\/logo-es-xarcu-mobile.png\",\"width\":307,\"height\":78,\"caption\":\"Es Xarcu Restaurante Ibiza\"},\"image\":{\"@id\":\"https:\/\/www.esxarcurestaurante.com\/en\/#\/schema\/logo\/image\/\"},\"sameAs\":[\"https:\/\/www.instagram.com\/esxarcu\/\"]}]}<\/script>\n<!-- \/ Yoast SEO plugin. -->","yoast_head_json":{"title":"Reservations - Es Xarcu Restaurante Ibiza","description":"Make your reservation quickly and easily at Es Xarcu Es Cubells below.","robots":{"index":"index","follow":"follow","max-snippet":"max-snippet:-1","max-image-preview":"max-image-preview:large","max-video-preview":"max-video-preview:-1"},"canonical":"https:\/\/www.esxarcurestaurante.com\/en\/reservations\/","og_locale":"en_US","og_type":"article","og_title":"Reservations - Es Xarcu Restaurante Ibiza","og_description":"Make your reservation quickly and easily at Es Xarcu Es Cubells below.","og_url":"https:\/\/www.esxarcurestaurante.com\/en\/reservations\/","og_site_name":"Es Xarcu Restaurante Ibiza","article_modified_time":"2023-07-04T14:53:17+00:00","twitter_card":"summary_large_image","twitter_misc":{"Est. reading time":"1 minute"},"schema":{"@context":"https:\/\/schema.org","@graph":[{"@type":"WebPage","@id":"https:\/\/www.esxarcurestaurante.com\/en\/reservations\/","url":"https:\/\/www.esxarcurestaurante.com\/en\/reservations\/","name":"Reservations - Es Xarcu Restaurante Ibiza","isPartOf":{"@id":"https:\/\/www.esxarcurestaurante.com\/en\/#website"},"datePublished":"2023-07-04T14:44:00+00:00","dateModified":"2023-07-04T14:53:17+00:00","description":"Make your reservation quickly and easily at Es Xarcu Es Cubells below.","breadcrumb":{"@id":"https:\/\/www.esxarcurestaurante.com\/en\/reservations\/#breadcrumb"},"inLanguage":"en-US","potentialAction":[{"@type":"ReadAction","target":["https:\/\/www.esxarcurestaurante.com\/en\/reservations\/"]}]},{"@type":"BreadcrumbList","@id":"https:\/\/www.esxarcurestaurante.com\/en\/reservations\/#breadcrumb","itemListElement":[{"@type":"ListItem","position":1,"name":"Portada","item":"https:\/\/www.esxarcurestaurante.com\/en\/"},{"@type":"ListItem","position":2,"name":"Reservations"}]},{"@type":"WebSite","@id":"https:\/\/www.esxarcurestaurante.com\/en\/#website","url":"https:\/\/www.esxarcurestaurante.com\/en\/","name":"Es Xarcu Restaurante Ibiza","description":"Restaurante Es Xarcu, donde disfrutar de la mejor cocina t\u00edpica ibicenca: aut\u00e9nticos pescados frescos de la Ibiza (rotja, denton, mero, gallo de San Pedro), gamba roja, jam\u00f3n cortado al momento y una amplia selecci\u00f3n de vinos.","publisher":{"@id":"https:\/\/www.esxarcurestaurante.com\/en\/#organization"},"potentialAction":[{"@type":"SearchAction","target":{"@type":"EntryPoint","urlTemplate":"https:\/\/www.esxarcurestaurante.com\/en\/?s={search_term_string}"},"query-input":"required name=search_term_string"}],"inLanguage":"en-US"},{"@type":"Organization","@id":"https:\/\/www.esxarcurestaurante.com\/en\/#organization","name":"Es Xarcu Restaurante Ibiza","url":"https:\/\/www.esxarcurestaurante.com\/en\/","logo":{"@type":"ImageObject","inLanguage":"en-US","@id":"https:\/\/www.esxarcurestaurante.com\/en\/#\/schema\/logo\/image\/","url":"https:\/\/www.esxarcurestaurante.com\/wp-content\/uploads\/2017\/04\/logo-es-xarcu-mobile.png","contentUrl":"https:\/\/www.esxarcurestaurante.com\/wp-content\/uploads\/2017\/04\/logo-es-xarcu-mobile.png","width":307,"height":78,"caption":"Es Xarcu Restaurante Ibiza"},"image":{"@id":"https:\/\/www.esxarcurestaurante.com\/en\/#\/schema\/logo\/image\/"},"sameAs":["https:\/\/www.instagram.com\/esxarcu\/"]}]}},"_links":{"self":[{"href":"https:\/\/www.esxarcurestaurante.com\/en\/wp-json\/wp\/v2\/pages\/5479"}],"collection":[{"href":"https:\/\/www.esxarcurestaurante.com\/en\/wp-json\/wp\/v2\/pages"}],"about":[{"href":"https:\/\/www.esxarcurestaurante.com\/en\/wp-json\/wp\/v2\/types\/page"}],"author":[{"embeddable":true,"href":"https:\/\/www.esxarcurestaurante.com\/en\/wp-json\/wp\/v2\/users\/1"}],"replies":[{"embeddable":true,"href":"https:\/\/www.esxarcurestaurante.com\/en\/wp-json\/wp\/v2\/comments?post=5479"}],"version-history":[{"count":2,"href":"https:\/\/www.esxarcurestaurante.com\/en\/wp-json\/wp\/v2\/pages\/5479\/revisions"}],"predecessor-version":[{"id":5488,"href":"https:\/\/www.esxarcurestaurante.com\/en\/wp-json\/wp\/v2\/pages\/5479\/revisions\/5488"}],"wp:attachment":[{"href":"https:\/\/www.esxarcurestaurante.com\/en\/wp-json\/wp\/v2\/media?parent=5479"}],"curies":[{"name":"wp","href":"https:\/\/api.w.org\/{rel}","templated":true}]}}