{"id":4594,"date":"2021-07-08T13:59:12","date_gmt":"2021-07-08T11:59:12","guid":{"rendered":"https:\/\/www.esxarcurestaurante.com\/?page_id=4594"},"modified":"2021-07-08T20:49:03","modified_gmt":"2021-07-08T18:49:03","slug":"menu-web","status":"publish","type":"page","link":"https:\/\/www.esxarcurestaurante.com\/en\/menu-web\/","title":{"rendered":"Menu Web"},"content":{"rendered":"<section class=\"wpb-content-wrapper\"><p>[vc_row][vc_column offset=&#8221;vc_hidden-xs&#8221;][vc_empty_space height=&#8221;48px&#8221;][\/vc_column][\/vc_row][vc_row content_width=&#8221;grid&#8221; content_aligment=&#8221;center&#8221; el_class=&#8221;row-mobile&#8221;][vc_column width=&#8221;1\/5&#8243; offset=&#8221;vc_col-lg-1\/5 vc_col-md-1\/5 vc_col-sm-offset-0 vc_col-xs-1\/5&#8243;][vc_single_image image=&#8221;4607&#8243; img_size=&#8221;full&#8221; alignment=&#8221;center&#8221; onclick=&#8221;custom_link&#8221; link=&#8221;\/menu-web\/&#8221;][\/vc_column][vc_column width=&#8221;1\/5&#8243; offset=&#8221;vc_col-lg-1\/5 vc_col-md-1\/5 vc_col-xs-1\/5&#8243;][vc_single_image image=&#8221;4602&#8243; img_size=&#8221;full&#8221; alignment=&#8221;center&#8221; onclick=&#8221;custom_link&#8221; link=&#8221;\/en\/menu-web\/&#8221;][vc_zigzag color=&#8221;black&#8221; css_animation=&#8221;bounceInLeft&#8221;][\/vc_column][vc_column width=&#8221;1\/5&#8243; offset=&#8221;vc_col-lg-1\/5 vc_col-md-1\/5 vc_col-xs-1\/5&#8243;][vc_single_image image=&#8221;4612&#8243; img_size=&#8221;full&#8221; alignment=&#8221;center&#8221; onclick=&#8221;custom_link&#8221; link=&#8221;\/fr\/menu-web\/&#8221;][\/vc_column][vc_column width=&#8221;1\/5&#8243; offset=&#8221;vc_col-lg-1\/5 vc_col-md-1\/5 vc_col-xs-1\/5&#8243;][vc_single_image image=&#8221;4597&#8243; img_size=&#8221;full&#8221; alignment=&#8221;center&#8221; onclick=&#8221;custom_link&#8221; link=&#8221;\/de\/menu-web\/&#8221;][\/vc_column][vc_column width=&#8221;1\/5&#8243; offset=&#8221;vc_col-lg-1\/5 vc_col-md-1\/5 vc_col-xs-1\/5&#8243;][vc_single_image image=&#8221;4617&#8243; img_size=&#8221;full&#8221; alignment=&#8221;center&#8221; onclick=&#8221;custom_link&#8221; link=&#8221;\/it\/menu-web\/&#8221;][\/vc_column][\/vc_row][vc_row][vc_column]<div class=\"mkdf-separator-holder clearfix  mkdf-separator-center\">\n\t<div class=\"mkdf-separator\" style=\"border-bottom-width: 40pxpx\"><\/div>\n<\/div>\n[\/vc_column][\/vc_row][vc_row row_type=&#8221;parallax&#8221; content_width=&#8221;grid&#8221; content_aligment=&#8221;center&#8221; full_screen_section_height=&#8221;no&#8221; el_class=&#8221;row-mobile&#8221;][vc_column width=&#8221;1\/2&#8243; offset=&#8221;vc_col-lg-6 vc_col-md-6 vc_col-sm-offset-0 vc_col-xs-6&#8243;][vc_single_image image=&#8221;4632&#8243; img_size=&#8221;full&#8221; alignment=&#8221;center&#8221; onclick=&#8221;custom_link&#8221; link=&#8221;\/en\/menu-web\/food\/&#8221;][vc_text_separator title=&#8221;FOOD&#8221;][\/vc_column][vc_column width=&#8221;1\/2&#8243; offset=&#8221;vc_col-lg-6 vc_col-md-6 vc_col-xs-6&#8243;][vc_single_image image=&#8221;4637&#8243; img_size=&#8221;full&#8221; alignment=&#8221;center&#8221; onclick=&#8221;custom_link&#8221; link=&#8221;\/en\/menu-web\/winelist\/&#8221;][vc_text_separator title=&#8221;WINELIST&#8221;][\/vc_column][\/vc_row][vc_row][vc_column]<div class=\"mkdf-separator-holder clearfix  mkdf-separator-center\">\n\t<div class=\"mkdf-separator\" style=\"border-bottom-width: 120pxpx\"><\/div>\n<\/div>\n[\/vc_column][\/vc_row]<\/p>\n<\/section>","protected":false},"excerpt":{"rendered":"<p>[vc_row][vc_column offset=&#8221;vc_hidden-xs&#8221;][vc_empty_space height=&#8221;48px&#8221;][\/vc_column][\/vc_row][vc_row content_width=&#8221;grid&#8221; content_aligment=&#8221;center&#8221; el_class=&#8221;row-mobile&#8221;][vc_column width=&#8221;1\/5&#8243; offset=&#8221;vc_col-lg-1\/5 vc_col-md-1\/5 vc_col-sm-offset-0 vc_col-xs-1\/5&#8243;][vc_single_image image=&#8221;4607&#8243; img_size=&#8221;full&#8221; alignment=&#8221;center&#8221; onclick=&#8221;custom_link&#8221; link=&#8221;\/menu-web\/&#8221;][\/vc_column][vc_column width=&#8221;1\/5&#8243; offset=&#8221;vc_col-lg-1\/5 vc_col-md-1\/5 vc_col-xs-1\/5&#8243;][vc_single_image image=&#8221;4602&#8243; img_size=&#8221;full&#8221; alignment=&#8221;center&#8221; onclick=&#8221;custom_link&#8221; link=&#8221;\/en\/menu-web\/&#8221;][vc_zigzag color=&#8221;black&#8221; css_animation=&#8221;bounceInLeft&#8221;][\/vc_column][vc_column width=&#8221;1\/5&#8243; offset=&#8221;vc_col-lg-1\/5 vc_col-md-1\/5 vc_col-xs-1\/5&#8243;][vc_single_image image=&#8221;4612&#8243; img_size=&#8221;full&#8221; alignment=&#8221;center&#8221; onclick=&#8221;custom_link&#8221; link=&#8221;\/fr\/menu-web\/&#8221;][\/vc_column][vc_column width=&#8221;1\/5&#8243; offset=&#8221;vc_col-lg-1\/5 vc_col-md-1\/5 vc_col-xs-1\/5&#8243;][vc_single_image image=&#8221;4597&#8243; img_size=&#8221;full&#8221; alignment=&#8221;center&#8221; onclick=&#8221;custom_link&#8221; link=&#8221;\/de\/menu-web\/&#8221;][\/vc_column][vc_column&#8230;<\/p>\n","protected":false},"author":1,"featured_media":0,"parent":0,"menu_order":0,"comment_status":"closed","ping_status":"closed","template":"","meta":{"ngg_post_thumbnail":0},"yoast_head":"<!-- This site is optimized with the Yoast SEO plugin v20.12 - https:\/\/yoast.com\/wordpress\/plugins\/seo\/ -->\n<title>Menu Web - Es Xarcu Restaurante Ibiza<\/title>\n<meta name=\"robots\" content=\"index, follow, max-snippet:-1, max-image-preview:large, max-video-preview:-1\" \/>\n<link rel=\"canonical\" href=\"https:\/\/www.esxarcurestaurante.com\/en\/menu-web\/\" \/>\n<meta property=\"og:locale\" content=\"en_US\" \/>\n<meta property=\"og:type\" content=\"article\" \/>\n<meta property=\"og:title\" content=\"Menu Web - Es Xarcu Restaurante Ibiza\" \/>\n<meta property=\"og:description\" content=\"[vc_row][vc_column offset=&#8221;vc_hidden-xs&#8221;][vc_empty_space height=&#8221;48px&#8221;][\/vc_column][\/vc_row][vc_row content_width=&#8221;grid&#8221; content_aligment=&#8221;center&#8221; el_class=&#8221;row-mobile&#8221;][vc_column width=&#8221;1\/5&#8243; offset=&#8221;vc_col-lg-1\/5 vc_col-md-1\/5 vc_col-sm-offset-0 vc_col-xs-1\/5&#8243;][vc_single_image image=&#8221;4607&#8243; img_size=&#8221;full&#8221; alignment=&#8221;center&#8221; onclick=&#8221;custom_link&#8221; link=&#8221;\/menu-web\/&#8221;][\/vc_column][vc_column width=&#8221;1\/5&#8243; offset=&#8221;vc_col-lg-1\/5 vc_col-md-1\/5 vc_col-xs-1\/5&#8243;][vc_single_image image=&#8221;4602&#8243; img_size=&#8221;full&#8221; alignment=&#8221;center&#8221; onclick=&#8221;custom_link&#8221; link=&#8221;\/en\/menu-web\/&#8221;][vc_zigzag color=&#8221;black&#8221; css_animation=&#8221;bounceInLeft&#8221;][\/vc_column][vc_column width=&#8221;1\/5&#8243; offset=&#8221;vc_col-lg-1\/5 vc_col-md-1\/5 vc_col-xs-1\/5&#8243;][vc_single_image image=&#8221;4612&#8243; img_size=&#8221;full&#8221; alignment=&#8221;center&#8221; onclick=&#8221;custom_link&#8221; link=&#8221;\/fr\/menu-web\/&#8221;][\/vc_column][vc_column width=&#8221;1\/5&#8243; offset=&#8221;vc_col-lg-1\/5 vc_col-md-1\/5 vc_col-xs-1\/5&#8243;][vc_single_image image=&#8221;4597&#8243; img_size=&#8221;full&#8221; alignment=&#8221;center&#8221; onclick=&#8221;custom_link&#8221; link=&#8221;\/de\/menu-web\/&#8221;][\/vc_column][vc_column...\" \/>\n<meta property=\"og:url\" content=\"https:\/\/www.esxarcurestaurante.com\/en\/menu-web\/\" \/>\n<meta property=\"og:site_name\" content=\"Es Xarcu Restaurante Ibiza\" \/>\n<meta property=\"article:modified_time\" content=\"2021-07-08T18:49:03+00:00\" \/>\n<meta name=\"twitter:card\" content=\"summary_large_image\" \/>\n<meta name=\"twitter:label1\" content=\"Est. reading time\" \/>\n\t<meta name=\"twitter:data1\" content=\"1 minute\" \/>\n<script type=\"application\/ld+json\" class=\"yoast-schema-graph\">{\"@context\":\"https:\/\/schema.org\",\"@graph\":[{\"@type\":\"WebPage\",\"@id\":\"https:\/\/www.esxarcurestaurante.com\/en\/menu-web\/\",\"url\":\"https:\/\/www.esxarcurestaurante.com\/en\/menu-web\/\",\"name\":\"Menu Web - Es Xarcu Restaurante Ibiza\",\"isPartOf\":{\"@id\":\"https:\/\/www.esxarcurestaurante.com\/en\/#website\"},\"datePublished\":\"2021-07-08T11:59:12+00:00\",\"dateModified\":\"2021-07-08T18:49:03+00:00\",\"breadcrumb\":{\"@id\":\"https:\/\/www.esxarcurestaurante.com\/en\/menu-web\/#breadcrumb\"},\"inLanguage\":\"en-US\",\"potentialAction\":[{\"@type\":\"ReadAction\",\"target\":[\"https:\/\/www.esxarcurestaurante.com\/en\/menu-web\/\"]}]},{\"@type\":\"BreadcrumbList\",\"@id\":\"https:\/\/www.esxarcurestaurante.com\/en\/menu-web\/#breadcrumb\",\"itemListElement\":[{\"@type\":\"ListItem\",\"position\":1,\"name\":\"Portada\",\"item\":\"https:\/\/www.esxarcurestaurante.com\/en\/\"},{\"@type\":\"ListItem\",\"position\":2,\"name\":\"Menu Web\"}]},{\"@type\":\"WebSite\",\"@id\":\"https:\/\/www.esxarcurestaurante.com\/en\/#website\",\"url\":\"https:\/\/www.esxarcurestaurante.com\/en\/\",\"name\":\"Es Xarcu Restaurante Ibiza\",\"description\":\"Restaurante Es Xarcu, donde disfrutar de la mejor cocina t\u00edpica ibicenca: aut\u00e9nticos pescados frescos de la Ibiza (rotja, denton, mero, gallo de San Pedro), gamba roja, jam\u00f3n cortado al momento y una amplia selecci\u00f3n de vinos.\",\"publisher\":{\"@id\":\"https:\/\/www.esxarcurestaurante.com\/en\/#organization\"},\"potentialAction\":[{\"@type\":\"SearchAction\",\"target\":{\"@type\":\"EntryPoint\",\"urlTemplate\":\"https:\/\/www.esxarcurestaurante.com\/en\/?s={search_term_string}\"},\"query-input\":\"required name=search_term_string\"}],\"inLanguage\":\"en-US\"},{\"@type\":\"Organization\",\"@id\":\"https:\/\/www.esxarcurestaurante.com\/en\/#organization\",\"name\":\"Es Xarcu Restaurante Ibiza\",\"url\":\"https:\/\/www.esxarcurestaurante.com\/en\/\",\"logo\":{\"@type\":\"ImageObject\",\"inLanguage\":\"en-US\",\"@id\":\"https:\/\/www.esxarcurestaurante.com\/en\/#\/schema\/logo\/image\/\",\"url\":\"https:\/\/www.esxarcurestaurante.com\/wp-content\/uploads\/2017\/04\/logo-es-xarcu-mobile.png\",\"contentUrl\":\"https:\/\/www.esxarcurestaurante.com\/wp-content\/uploads\/2017\/04\/logo-es-xarcu-mobile.png\",\"width\":307,\"height\":78,\"caption\":\"Es Xarcu Restaurante Ibiza\"},\"image\":{\"@id\":\"https:\/\/www.esxarcurestaurante.com\/en\/#\/schema\/logo\/image\/\"},\"sameAs\":[\"https:\/\/www.instagram.com\/esxarcu\/\"]}]}<\/script>\n<!-- \/ Yoast SEO plugin. -->","yoast_head_json":{"title":"Menu Web - Es Xarcu Restaurante Ibiza","robots":{"index":"index","follow":"follow","max-snippet":"max-snippet:-1","max-image-preview":"max-image-preview:large","max-video-preview":"max-video-preview:-1"},"canonical":"https:\/\/www.esxarcurestaurante.com\/en\/menu-web\/","og_locale":"en_US","og_type":"article","og_title":"Menu Web - Es Xarcu Restaurante Ibiza","og_description":"[vc_row][vc_column offset=&#8221;vc_hidden-xs&#8221;][vc_empty_space height=&#8221;48px&#8221;][\/vc_column][\/vc_row][vc_row content_width=&#8221;grid&#8221; content_aligment=&#8221;center&#8221; el_class=&#8221;row-mobile&#8221;][vc_column width=&#8221;1\/5&#8243; offset=&#8221;vc_col-lg-1\/5 vc_col-md-1\/5 vc_col-sm-offset-0 vc_col-xs-1\/5&#8243;][vc_single_image image=&#8221;4607&#8243; img_size=&#8221;full&#8221; alignment=&#8221;center&#8221; onclick=&#8221;custom_link&#8221; link=&#8221;\/menu-web\/&#8221;][\/vc_column][vc_column width=&#8221;1\/5&#8243; offset=&#8221;vc_col-lg-1\/5 vc_col-md-1\/5 vc_col-xs-1\/5&#8243;][vc_single_image image=&#8221;4602&#8243; img_size=&#8221;full&#8221; alignment=&#8221;center&#8221; onclick=&#8221;custom_link&#8221; link=&#8221;\/en\/menu-web\/&#8221;][vc_zigzag color=&#8221;black&#8221; css_animation=&#8221;bounceInLeft&#8221;][\/vc_column][vc_column width=&#8221;1\/5&#8243; offset=&#8221;vc_col-lg-1\/5 vc_col-md-1\/5 vc_col-xs-1\/5&#8243;][vc_single_image image=&#8221;4612&#8243; img_size=&#8221;full&#8221; alignment=&#8221;center&#8221; onclick=&#8221;custom_link&#8221; link=&#8221;\/fr\/menu-web\/&#8221;][\/vc_column][vc_column width=&#8221;1\/5&#8243; offset=&#8221;vc_col-lg-1\/5 vc_col-md-1\/5 vc_col-xs-1\/5&#8243;][vc_single_image image=&#8221;4597&#8243; img_size=&#8221;full&#8221; alignment=&#8221;center&#8221; onclick=&#8221;custom_link&#8221; link=&#8221;\/de\/menu-web\/&#8221;][\/vc_column][vc_column...","og_url":"https:\/\/www.esxarcurestaurante.com\/en\/menu-web\/","og_site_name":"Es Xarcu Restaurante Ibiza","article_modified_time":"2021-07-08T18:49:03+00:00","twitter_card":"summary_large_image","twitter_misc":{"Est. reading time":"1 minute"},"schema":{"@context":"https:\/\/schema.org","@graph":[{"@type":"WebPage","@id":"https:\/\/www.esxarcurestaurante.com\/en\/menu-web\/","url":"https:\/\/www.esxarcurestaurante.com\/en\/menu-web\/","name":"Menu Web - Es Xarcu Restaurante Ibiza","isPartOf":{"@id":"https:\/\/www.esxarcurestaurante.com\/en\/#website"},"datePublished":"2021-07-08T11:59:12+00:00","dateModified":"2021-07-08T18:49:03+00:00","breadcrumb":{"@id":"https:\/\/www.esxarcurestaurante.com\/en\/menu-web\/#breadcrumb"},"inLanguage":"en-US","potentialAction":[{"@type":"ReadAction","target":["https:\/\/www.esxarcurestaurante.com\/en\/menu-web\/"]}]},{"@type":"BreadcrumbList","@id":"https:\/\/www.esxarcurestaurante.com\/en\/menu-web\/#breadcrumb","itemListElement":[{"@type":"ListItem","position":1,"name":"Portada","item":"https:\/\/www.esxarcurestaurante.com\/en\/"},{"@type":"ListItem","position":2,"name":"Menu Web"}]},{"@type":"WebSite","@id":"https:\/\/www.esxarcurestaurante.com\/en\/#website","url":"https:\/\/www.esxarcurestaurante.com\/en\/","name":"Es Xarcu Restaurante Ibiza","description":"Restaurante Es Xarcu, donde disfrutar de la mejor cocina t\u00edpica ibicenca: aut\u00e9nticos pescados frescos de la Ibiza (rotja, denton, mero, gallo de San Pedro), gamba roja, jam\u00f3n cortado al momento y una amplia selecci\u00f3n de vinos.","publisher":{"@id":"https:\/\/www.esxarcurestaurante.com\/en\/#organization"},"potentialAction":[{"@type":"SearchAction","target":{"@type":"EntryPoint","urlTemplate":"https:\/\/www.esxarcurestaurante.com\/en\/?s={search_term_string}"},"query-input":"required name=search_term_string"}],"inLanguage":"en-US"},{"@type":"Organization","@id":"https:\/\/www.esxarcurestaurante.com\/en\/#organization","name":"Es Xarcu Restaurante Ibiza","url":"https:\/\/www.esxarcurestaurante.com\/en\/","logo":{"@type":"ImageObject","inLanguage":"en-US","@id":"https:\/\/www.esxarcurestaurante.com\/en\/#\/schema\/logo\/image\/","url":"https:\/\/www.esxarcurestaurante.com\/wp-content\/uploads\/2017\/04\/logo-es-xarcu-mobile.png","contentUrl":"https:\/\/www.esxarcurestaurante.com\/wp-content\/uploads\/2017\/04\/logo-es-xarcu-mobile.png","width":307,"height":78,"caption":"Es Xarcu Restaurante Ibiza"},"image":{"@id":"https:\/\/www.esxarcurestaurante.com\/en\/#\/schema\/logo\/image\/"},"sameAs":["https:\/\/www.instagram.com\/esxarcu\/"]}]}},"_links":{"self":[{"href":"https:\/\/www.esxarcurestaurante.com\/en\/wp-json\/wp\/v2\/pages\/4594"}],"collection":[{"href":"https:\/\/www.esxarcurestaurante.com\/en\/wp-json\/wp\/v2\/pages"}],"about":[{"href":"https:\/\/www.esxarcurestaurante.com\/en\/wp-json\/wp\/v2\/types\/page"}],"author":[{"embeddable":true,"href":"https:\/\/www.esxarcurestaurante.com\/en\/wp-json\/wp\/v2\/users\/1"}],"replies":[{"embeddable":true,"href":"https:\/\/www.esxarcurestaurante.com\/en\/wp-json\/wp\/v2\/comments?post=4594"}],"version-history":[{"count":0,"href":"https:\/\/www.esxarcurestaurante.com\/en\/wp-json\/wp\/v2\/pages\/4594\/revisions"}],"wp:attachment":[{"href":"https:\/\/www.esxarcurestaurante.com\/en\/wp-json\/wp\/v2\/media?parent=4594"}],"curies":[{"name":"wp","href":"https:\/\/api.w.org\/{rel}","templated":true}]}}