{"id":3697,"date":"2017-03-13T11:54:38","date_gmt":"2017-03-13T10:54:38","guid":{"rendered":"http:\/\/www.esxarcurestaurante.com\/como-llegar\/"},"modified":"2017-05-03T09:19:00","modified_gmt":"2017-05-03T09:19:00","slug":"how-to-get-here","status":"publish","type":"page","link":"https:\/\/www.esxarcurestaurante.com\/en\/how-to-get-here\/","title":{"rendered":"HOW TO GET HERE"},"content":{"rendered":"<section class=\"wpb-content-wrapper\"><p>[vc_row][vc_column width=&#8221;1\/2&#8243;][vc_column_text]<\/p>\n<h2>By land<\/h2>\n<p>From Ibiza Town: Take the highway to the airport and follow signs for \u201cCala Jondal\u201d. After exiting to the right, you will pass through a residential neighbourhood. As you leave it behind, veer left and descend toward the water. We recommend you make your way down the old dirt road with caution.<\/p>\n<p>From Sant Antoni \u2013 Sant Josep: Exit the highway to Ibiza Town at the \u201cPorroig\u201d intersection. Turn left when you see \u201cCala Jondal\u201d indicated. Remain on the road (no turns) all the way down to the water.[\/vc_column_text][vc_empty_space height=&#8221;50px&#8221;][\/vc_column][vc_column width=&#8221;1\/2&#8243;][vc_column_text]<\/p>\n<h2>By sea<\/h2>\n<p>Coordinates: 38\u00ba 52\u2019N \u2013 001\u00ba 19\u2019E<\/p>\n<p>Moorage in front of the restaurant, in es Xarco cove (to port of Cala Jondal, facing inland). Good anchorage spot in the sand. Easy disembarking with small attended dock.<\/p>\n<p>Restaurant offers an attended boat service. Call 648 654 829 and we will pick you up.[\/vc_column_text][vc_empty_space height=&#8221;27px&#8221;][\/vc_column][\/vc_row][vc_row][vc_column][vc_column_text]<iframe style=\"border: 0;\" src=\"https:\/\/www.google.com\/maps\/embed?pb=!1m14!1m8!1m3!1d12425.70230122111!2d1.311525!3d38.868504!3m2!1i1024!2i768!4f13.1!3m3!1m2!1s0x0%3A0xe48437547dd66f9f!2sEs+Xarcu!5e0!3m2!1ses!2ses!4v1488881892265\" width=\"100%\" height=\"450\" frameborder=\"0\" allowfullscreen=\"allowfullscreen\"><\/iframe>[\/vc_column_text][\/vc_column][\/vc_row]<\/p>\n<\/section>","protected":false},"excerpt":{"rendered":"<p>[vc_row][vc_column width=&#8221;1\/2&#8243;][vc_column_text] By land From Ibiza Town: Take the highway to the airport and follow signs for \u201cCala Jondal\u201d. After exiting to the right, you will pass through a residential neighbourhood. As you leave it behind, veer left and descend toward the water. We recommend&#8230;<\/p>\n","protected":false},"author":1,"featured_media":0,"parent":0,"menu_order":0,"comment_status":"closed","ping_status":"closed","template":"","meta":{"ngg_post_thumbnail":0},"yoast_head":"<!-- This site is optimized with the Yoast SEO plugin v20.12 - https:\/\/yoast.com\/wordpress\/plugins\/seo\/ -->\n<title>HOW TO GET HERE - Es Xarcu Restaurante Ibiza<\/title>\n<meta name=\"robots\" content=\"index, follow, max-snippet:-1, max-image-preview:large, max-video-preview:-1\" \/>\n<link rel=\"canonical\" href=\"https:\/\/www.esxarcurestaurante.com\/en\/how-to-get-here\/\" \/>\n<meta property=\"og:locale\" content=\"en_US\" \/>\n<meta property=\"og:type\" content=\"article\" \/>\n<meta property=\"og:title\" content=\"HOW TO GET HERE - Es Xarcu Restaurante Ibiza\" \/>\n<meta property=\"og:description\" content=\"[vc_row][vc_column width=&#8221;1\/2&#8243;][vc_column_text] By land From Ibiza Town: Take the highway to the airport and follow signs for \u201cCala Jondal\u201d. After exiting to the right, you will pass through a residential neighbourhood. As you leave it behind, veer left and descend toward the water. We recommend...\" \/>\n<meta property=\"og:url\" content=\"https:\/\/www.esxarcurestaurante.com\/en\/how-to-get-here\/\" \/>\n<meta property=\"og:site_name\" content=\"Es Xarcu Restaurante Ibiza\" \/>\n<meta property=\"article:modified_time\" content=\"2017-05-03T09:19:00+00:00\" \/>\n<meta name=\"twitter:card\" content=\"summary_large_image\" \/>\n<meta name=\"twitter:label1\" content=\"Est. reading time\" \/>\n\t<meta name=\"twitter:data1\" content=\"1 minute\" \/>\n<script type=\"application\/ld+json\" class=\"yoast-schema-graph\">{\"@context\":\"https:\/\/schema.org\",\"@graph\":[{\"@type\":\"WebPage\",\"@id\":\"https:\/\/www.esxarcurestaurante.com\/en\/how-to-get-here\/\",\"url\":\"https:\/\/www.esxarcurestaurante.com\/en\/how-to-get-here\/\",\"name\":\"HOW TO GET HERE - Es Xarcu Restaurante Ibiza\",\"isPartOf\":{\"@id\":\"https:\/\/www.esxarcurestaurante.com\/en\/#website\"},\"datePublished\":\"2017-03-13T10:54:38+00:00\",\"dateModified\":\"2017-05-03T09:19:00+00:00\",\"breadcrumb\":{\"@id\":\"https:\/\/www.esxarcurestaurante.com\/en\/how-to-get-here\/#breadcrumb\"},\"inLanguage\":\"en-US\",\"potentialAction\":[{\"@type\":\"ReadAction\",\"target\":[\"https:\/\/www.esxarcurestaurante.com\/en\/how-to-get-here\/\"]}]},{\"@type\":\"BreadcrumbList\",\"@id\":\"https:\/\/www.esxarcurestaurante.com\/en\/how-to-get-here\/#breadcrumb\",\"itemListElement\":[{\"@type\":\"ListItem\",\"position\":1,\"name\":\"Portada\",\"item\":\"https:\/\/www.esxarcurestaurante.com\/en\/\"},{\"@type\":\"ListItem\",\"position\":2,\"name\":\"HOW TO GET HERE\"}]},{\"@type\":\"WebSite\",\"@id\":\"https:\/\/www.esxarcurestaurante.com\/en\/#website\",\"url\":\"https:\/\/www.esxarcurestaurante.com\/en\/\",\"name\":\"Es Xarcu Restaurante Ibiza\",\"description\":\"Restaurante Es Xarcu, donde disfrutar de la mejor cocina t\u00edpica ibicenca: aut\u00e9nticos pescados frescos de la Ibiza (rotja, denton, mero, gallo de San Pedro), gamba roja, jam\u00f3n cortado al momento y una amplia selecci\u00f3n de vinos.\",\"publisher\":{\"@id\":\"https:\/\/www.esxarcurestaurante.com\/en\/#organization\"},\"potentialAction\":[{\"@type\":\"SearchAction\",\"target\":{\"@type\":\"EntryPoint\",\"urlTemplate\":\"https:\/\/www.esxarcurestaurante.com\/en\/?s={search_term_string}\"},\"query-input\":\"required name=search_term_string\"}],\"inLanguage\":\"en-US\"},{\"@type\":\"Organization\",\"@id\":\"https:\/\/www.esxarcurestaurante.com\/en\/#organization\",\"name\":\"Es Xarcu Restaurante Ibiza\",\"url\":\"https:\/\/www.esxarcurestaurante.com\/en\/\",\"logo\":{\"@type\":\"ImageObject\",\"inLanguage\":\"en-US\",\"@id\":\"https:\/\/www.esxarcurestaurante.com\/en\/#\/schema\/logo\/image\/\",\"url\":\"https:\/\/www.esxarcurestaurante.com\/wp-content\/uploads\/2017\/04\/logo-es-xarcu-mobile.png\",\"contentUrl\":\"https:\/\/www.esxarcurestaurante.com\/wp-content\/uploads\/2017\/04\/logo-es-xarcu-mobile.png\",\"width\":307,\"height\":78,\"caption\":\"Es Xarcu Restaurante Ibiza\"},\"image\":{\"@id\":\"https:\/\/www.esxarcurestaurante.com\/en\/#\/schema\/logo\/image\/\"},\"sameAs\":[\"https:\/\/www.instagram.com\/esxarcu\/\"]}]}<\/script>\n<!-- \/ Yoast SEO plugin. -->","yoast_head_json":{"title":"HOW TO GET HERE - Es Xarcu Restaurante Ibiza","robots":{"index":"index","follow":"follow","max-snippet":"max-snippet:-1","max-image-preview":"max-image-preview:large","max-video-preview":"max-video-preview:-1"},"canonical":"https:\/\/www.esxarcurestaurante.com\/en\/how-to-get-here\/","og_locale":"en_US","og_type":"article","og_title":"HOW TO GET HERE - Es Xarcu Restaurante Ibiza","og_description":"[vc_row][vc_column width=&#8221;1\/2&#8243;][vc_column_text] By land From Ibiza Town: Take the highway to the airport and follow signs for \u201cCala Jondal\u201d. After exiting to the right, you will pass through a residential neighbourhood. As you leave it behind, veer left and descend toward the water. We recommend...","og_url":"https:\/\/www.esxarcurestaurante.com\/en\/how-to-get-here\/","og_site_name":"Es Xarcu Restaurante Ibiza","article_modified_time":"2017-05-03T09:19:00+00:00","twitter_card":"summary_large_image","twitter_misc":{"Est. reading time":"1 minute"},"schema":{"@context":"https:\/\/schema.org","@graph":[{"@type":"WebPage","@id":"https:\/\/www.esxarcurestaurante.com\/en\/how-to-get-here\/","url":"https:\/\/www.esxarcurestaurante.com\/en\/how-to-get-here\/","name":"HOW TO GET HERE - Es Xarcu Restaurante Ibiza","isPartOf":{"@id":"https:\/\/www.esxarcurestaurante.com\/en\/#website"},"datePublished":"2017-03-13T10:54:38+00:00","dateModified":"2017-05-03T09:19:00+00:00","breadcrumb":{"@id":"https:\/\/www.esxarcurestaurante.com\/en\/how-to-get-here\/#breadcrumb"},"inLanguage":"en-US","potentialAction":[{"@type":"ReadAction","target":["https:\/\/www.esxarcurestaurante.com\/en\/how-to-get-here\/"]}]},{"@type":"BreadcrumbList","@id":"https:\/\/www.esxarcurestaurante.com\/en\/how-to-get-here\/#breadcrumb","itemListElement":[{"@type":"ListItem","position":1,"name":"Portada","item":"https:\/\/www.esxarcurestaurante.com\/en\/"},{"@type":"ListItem","position":2,"name":"HOW TO GET HERE"}]},{"@type":"WebSite","@id":"https:\/\/www.esxarcurestaurante.com\/en\/#website","url":"https:\/\/www.esxarcurestaurante.com\/en\/","name":"Es Xarcu Restaurante Ibiza","description":"Restaurante Es Xarcu, donde disfrutar de la mejor cocina t\u00edpica ibicenca: aut\u00e9nticos pescados frescos de la Ibiza (rotja, denton, mero, gallo de San Pedro), gamba roja, jam\u00f3n cortado al momento y una amplia selecci\u00f3n de vinos.","publisher":{"@id":"https:\/\/www.esxarcurestaurante.com\/en\/#organization"},"potentialAction":[{"@type":"SearchAction","target":{"@type":"EntryPoint","urlTemplate":"https:\/\/www.esxarcurestaurante.com\/en\/?s={search_term_string}"},"query-input":"required name=search_term_string"}],"inLanguage":"en-US"},{"@type":"Organization","@id":"https:\/\/www.esxarcurestaurante.com\/en\/#organization","name":"Es Xarcu Restaurante Ibiza","url":"https:\/\/www.esxarcurestaurante.com\/en\/","logo":{"@type":"ImageObject","inLanguage":"en-US","@id":"https:\/\/www.esxarcurestaurante.com\/en\/#\/schema\/logo\/image\/","url":"https:\/\/www.esxarcurestaurante.com\/wp-content\/uploads\/2017\/04\/logo-es-xarcu-mobile.png","contentUrl":"https:\/\/www.esxarcurestaurante.com\/wp-content\/uploads\/2017\/04\/logo-es-xarcu-mobile.png","width":307,"height":78,"caption":"Es Xarcu Restaurante Ibiza"},"image":{"@id":"https:\/\/www.esxarcurestaurante.com\/en\/#\/schema\/logo\/image\/"},"sameAs":["https:\/\/www.instagram.com\/esxarcu\/"]}]}},"_links":{"self":[{"href":"https:\/\/www.esxarcurestaurante.com\/en\/wp-json\/wp\/v2\/pages\/3697"}],"collection":[{"href":"https:\/\/www.esxarcurestaurante.com\/en\/wp-json\/wp\/v2\/pages"}],"about":[{"href":"https:\/\/www.esxarcurestaurante.com\/en\/wp-json\/wp\/v2\/types\/page"}],"author":[{"embeddable":true,"href":"https:\/\/www.esxarcurestaurante.com\/en\/wp-json\/wp\/v2\/users\/1"}],"replies":[{"embeddable":true,"href":"https:\/\/www.esxarcurestaurante.com\/en\/wp-json\/wp\/v2\/comments?post=3697"}],"version-history":[{"count":0,"href":"https:\/\/www.esxarcurestaurante.com\/en\/wp-json\/wp\/v2\/pages\/3697\/revisions"}],"wp:attachment":[{"href":"https:\/\/www.esxarcurestaurante.com\/en\/wp-json\/wp\/v2\/media?parent=3697"}],"curies":[{"name":"wp","href":"https:\/\/api.w.org\/{rel}","templated":true}]}}