{"id":3695,"date":"2015-11-16T16:42:48","date_gmt":"2015-11-16T15:42:48","guid":{"rendered":"http:\/\/www.esxarcurestaurante.com\/carta-es-xarcu\/"},"modified":"2017-05-05T11:18:23","modified_gmt":"2017-05-05T11:18:23","slug":"menu-es-xarcu","status":"publish","type":"page","link":"https:\/\/www.esxarcurestaurante.com\/en\/menu-es-xarcu\/","title":{"rendered":"Menu"},"content":{"rendered":"<section class=\"wpb-content-wrapper\"><p>[vc_row row_type=&#8221;parallax&#8221; content_aligment=&#8221;center&#8221; full_screen_section_height=&#8221;no&#8221; css=&#8221;.vc_custom_1493983096235{margin-right: 0px !important;margin-left: 0px !important;padding-top: 108px !important;padding-bottom: 108px !important;background-image: url(https:\/\/www.esxarcurestaurante.com\/wp-content\/uploads\/2015\/11\/raors-es-xarcu.jpg?id=4006) !important;}&#8221;][vc_column][\/vc_column][\/vc_row][vc_row css=&#8221;.vc_custom_1447769555653{padding-top: 20px !important;padding-bottom: 20px !important;}&#8221;][vc_column]<div class=\"mkdf-menu-list\"><div class=\"mkdf-mlw-title-holder mkdf-mlw-title-holder-center\"><span class=\"mkdf-mlw-border\"><span class=\"mkdf-mlw-border-inner\"><\/span><\/span><h2 class=\"mkdf-mlw-title\">ENTR\u00c9ES<\/h2><span class=\"mkdf-mlw-border\"><span class=\"mkdf-mlw-border-inner\"><\/span><\/span><\/div><p>No menu items match your query<\/p><\/div>[vc_empty_space height=&#8221;40px&#8221;][\/vc_column][\/vc_row][vc_row row_type=&#8221;parallax&#8221; content_aligment=&#8221;center&#8221; full_screen_section_height=&#8221;no&#8221; css=&#8221;.vc_custom_1488890125599{margin-right: 0px !important;margin-left: 0px !important;padding-top: 108px !important;padding-bottom: 108px !important;background-image: url(https:\/\/www.esxarcurestaurante.com\/wp-content\/uploads\/2015\/11\/carta3.jpg?id=2876) !important;}&#8221;][vc_column][\/vc_column][\/vc_row][vc_row css=&#8221;.vc_custom_1447769555653{padding-top: 20px !important;padding-bottom: 20px !important;}&#8221;][vc_column]<div class=\"mkdf-menu-list\"><div class=\"mkdf-mlw-title-holder mkdf-mlw-title-holder-center\"><span class=\"mkdf-mlw-border\"><span class=\"mkdf-mlw-border-inner\"><\/span><\/span><h2 class=\"mkdf-mlw-title\">SHELLFISH<\/h2><span class=\"mkdf-mlw-border\"><span class=\"mkdf-mlw-border-inner\"><\/span><\/span><\/div><p>No menu items match your query<\/p><\/div>[vc_empty_space height=&#8221;40px&#8221;][\/vc_column][\/vc_row][vc_row row_type=&#8221;parallax&#8221; content_aligment=&#8221;center&#8221; full_screen_section_height=&#8221;no&#8221; css=&#8221;.vc_custom_1488890311220{margin-right: 0px !important;margin-left: 0px !important;padding-top: 108px !important;padding-bottom: 108px !important;background-image: url(https:\/\/www.esxarcurestaurante.com\/wp-content\/uploads\/2015\/11\/carta5.jpg?id=2912) !important;}&#8221;][vc_column][\/vc_column][\/vc_row][vc_row css=&#8221;.vc_custom_1447769555653{padding-top: 20px !important;padding-bottom: 20px !important;}&#8221;][vc_column]<div class=\"mkdf-menu-list\"><div class=\"mkdf-mlw-title-holder mkdf-mlw-title-holder-center\"><span class=\"mkdf-mlw-border\"><span class=\"mkdf-mlw-border-inner\"><\/span><\/span><h2 class=\"mkdf-mlw-title\">RICES AND STEWS<\/h2><span class=\"mkdf-mlw-border\"><span class=\"mkdf-mlw-border-inner\"><\/span><\/span><\/div><p>No menu items match your query<\/p><\/div>[vc_empty_space height=&#8221;40px&#8221;][\/vc_column][\/vc_row][vc_row row_type=&#8221;parallax&#8221; content_aligment=&#8221;center&#8221; full_screen_section_height=&#8221;no&#8221; css=&#8221;.vc_custom_1488890591435{margin-right: 0px !important;margin-left: 0px !important;padding-top: 108px !important;padding-bottom: 108px !important;background-image: url(https:\/\/www.esxarcurestaurante.com\/wp-content\/uploads\/2015\/11\/carta4.jpg?id=2877) !important;}&#8221;][vc_column][\/vc_column][\/vc_row][vc_row css=&#8221;.vc_custom_1447769555653{padding-top: 20px !important;padding-bottom: 20px !important;}&#8221;][vc_column]<div class=\"mkdf-menu-list\"><div class=\"mkdf-mlw-title-holder mkdf-mlw-title-holder-center\"><span class=\"mkdf-mlw-border\"><span class=\"mkdf-mlw-border-inner\"><\/span><\/span><h2 class=\"mkdf-mlw-title\">FRESH-CAUGHT FISH (Ask about our catch of the day)<\/h2><span class=\"mkdf-mlw-border\"><span class=\"mkdf-mlw-border-inner\"><\/span><\/span><\/div><p>No menu items match your query<\/p><\/div>[vc_empty_space height=&#8221;40px&#8221;][\/vc_column][\/vc_row][vc_row row_type=&#8221;parallax&#8221; content_aligment=&#8221;center&#8221; full_screen_section_height=&#8221;no&#8221; css=&#8221;.vc_custom_1488890843509{margin-right: 0px !important;margin-left: 0px !important;padding-top: 108px !important;padding-bottom: 108px !important;background-image: url(https:\/\/www.esxarcurestaurante.com\/wp-content\/uploads\/2015\/11\/carta6.jpg?id=2916) !important;}&#8221;][vc_column][\/vc_column][\/vc_row][vc_row css=&#8221;.vc_custom_1447769555653{padding-top: 20px !important;padding-bottom: 20px !important;}&#8221;][vc_column]<div class=\"mkdf-menu-list\"><div class=\"mkdf-mlw-title-holder mkdf-mlw-title-holder-center\"><span class=\"mkdf-mlw-border\"><span class=\"mkdf-mlw-border-inner\"><\/span><\/span><h2 class=\"mkdf-mlw-title\">MEATS<\/h2><span class=\"mkdf-mlw-border\"><span class=\"mkdf-mlw-border-inner\"><\/span><\/span><\/div><p>No menu items match your query<\/p><\/div>[vc_empty_space height=&#8221;40px&#8221;][\/vc_column][\/vc_row][vc_row row_type=&#8221;parallax&#8221; content_aligment=&#8221;center&#8221; full_screen_section_height=&#8221;no&#8221; css=&#8221;.vc_custom_1488891775955{margin-right: 0px !important;margin-left: 0px !important;padding-top: 108px !important;padding-bottom: 108px !important;background-image: url(https:\/\/www.esxarcurestaurante.com\/wp-content\/uploads\/2015\/11\/carta7.jpg?id=2918) !important;}&#8221;][vc_column][\/vc_column][\/vc_row][vc_row css=&#8221;.vc_custom_1447769555653{padding-top: 20px !important;padding-bottom: 20px !important;}&#8221;][vc_column]<div class=\"mkdf-menu-list\"><div class=\"mkdf-mlw-title-holder mkdf-mlw-title-holder-center\"><span class=\"mkdf-mlw-border\"><span class=\"mkdf-mlw-border-inner\"><\/span><\/span><h2 class=\"mkdf-mlw-title\">DESSERTS<\/h2><span class=\"mkdf-mlw-border\"><span class=\"mkdf-mlw-border-inner\"><\/span><\/span><\/div><p>No menu items match your query<\/p><\/div>[vc_empty_space height=&#8221;40px&#8221;][\/vc_column][\/vc_row]<\/p>\n<\/section>","protected":false},"excerpt":{"rendered":"<p>[vc_row row_type=&#8221;parallax&#8221; content_aligment=&#8221;center&#8221; full_screen_section_height=&#8221;no&#8221; css=&#8221;.vc_custom_1493983096235{margin-right: 0px !important;margin-left: 0px !important;padding-top: 108px !important;padding-bottom: 108px !important;background-image: url(https:\/\/www.esxarcurestaurante.com\/wp-content\/uploads\/2015\/11\/raors-es-xarcu.jpg?id=4006) !important;}&#8221;][vc_column][\/vc_column][\/vc_row][vc_row css=&#8221;.vc_custom_1447769555653{padding-top: 20px !important;padding-bottom: 20px !important;}&#8221;][vc_column][vc_empty_space height=&#8221;40px&#8221;][\/vc_column][\/vc_row][vc_row row_type=&#8221;parallax&#8221; content_aligment=&#8221;center&#8221; full_screen_section_height=&#8221;no&#8221; css=&#8221;.vc_custom_1488890125599{margin-right: 0px !important;margin-left: 0px !important;padding-top: 108px !important;padding-bottom: 108px !important;background-image: url(https:\/\/www.esxarcurestaurante.com\/wp-content\/uploads\/2015\/11\/carta3.jpg?id=2876) !important;}&#8221;][vc_column][\/vc_column][\/vc_row][vc_row css=&#8221;.vc_custom_1447769555653{padding-top: 20px !important;padding-bottom: 20px !important;}&#8221;][vc_column][vc_empty_space height=&#8221;40px&#8221;][\/vc_column][\/vc_row][vc_row row_type=&#8221;parallax&#8221; content_aligment=&#8221;center&#8221; full_screen_section_height=&#8221;no&#8221; css=&#8221;.vc_custom_1488890311220{margin-right:&#8230;<\/p>\n","protected":false},"author":1,"featured_media":0,"parent":0,"menu_order":0,"comment_status":"closed","ping_status":"closed","template":"","meta":{"ngg_post_thumbnail":0},"yoast_head":"<!-- This site is optimized with the Yoast SEO plugin v20.12 - https:\/\/yoast.com\/wordpress\/plugins\/seo\/ -->\n<title>Menu - Es Xarcu Restaurante Ibiza<\/title>\n<meta name=\"robots\" content=\"index, follow, max-snippet:-1, max-image-preview:large, max-video-preview:-1\" \/>\n<link rel=\"canonical\" href=\"https:\/\/www.esxarcurestaurante.com\/en\/menu-es-xarcu\/\" \/>\n<meta property=\"og:locale\" content=\"en_US\" \/>\n<meta property=\"og:type\" content=\"article\" \/>\n<meta property=\"og:title\" content=\"Menu - Es Xarcu Restaurante Ibiza\" \/>\n<meta property=\"og:description\" content=\"[vc_row row_type=&#8221;parallax&#8221; content_aligment=&#8221;center&#8221; full_screen_section_height=&#8221;no&#8221; css=&#8221;.vc_custom_1493983096235{margin-right: 0px !important;margin-left: 0px !important;padding-top: 108px !important;padding-bottom: 108px !important;background-image: url(https:\/\/www.esxarcurestaurante.com\/wp-content\/uploads\/2015\/11\/raors-es-xarcu.jpg?id=4006) !important;}&#8221;][vc_column][\/vc_column][\/vc_row][vc_row css=&#8221;.vc_custom_1447769555653{padding-top: 20px !important;padding-bottom: 20px !important;}&#8221;][vc_column][vc_empty_space height=&#8221;40px&#8221;][\/vc_column][\/vc_row][vc_row row_type=&#8221;parallax&#8221; content_aligment=&#8221;center&#8221; full_screen_section_height=&#8221;no&#8221; css=&#8221;.vc_custom_1488890125599{margin-right: 0px !important;margin-left: 0px !important;padding-top: 108px !important;padding-bottom: 108px !important;background-image: url(https:\/\/www.esxarcurestaurante.com\/wp-content\/uploads\/2015\/11\/carta3.jpg?id=2876) !important;}&#8221;][vc_column][\/vc_column][\/vc_row][vc_row css=&#8221;.vc_custom_1447769555653{padding-top: 20px !important;padding-bottom: 20px !important;}&#8221;][vc_column][vc_empty_space height=&#8221;40px&#8221;][\/vc_column][\/vc_row][vc_row row_type=&#8221;parallax&#8221; content_aligment=&#8221;center&#8221; full_screen_section_height=&#8221;no&#8221; css=&#8221;.vc_custom_1488890311220{margin-right:...\" \/>\n<meta property=\"og:url\" content=\"https:\/\/www.esxarcurestaurante.com\/en\/menu-es-xarcu\/\" \/>\n<meta property=\"og:site_name\" content=\"Es Xarcu Restaurante Ibiza\" \/>\n<meta property=\"article:modified_time\" content=\"2017-05-05T11:18:23+00:00\" \/>\n<meta name=\"twitter:card\" content=\"summary_large_image\" \/>\n<meta name=\"twitter:label1\" content=\"Est. reading time\" \/>\n\t<meta name=\"twitter:data1\" content=\"3 minutes\" \/>\n<script type=\"application\/ld+json\" class=\"yoast-schema-graph\">{\"@context\":\"https:\/\/schema.org\",\"@graph\":[{\"@type\":\"WebPage\",\"@id\":\"https:\/\/www.esxarcurestaurante.com\/en\/menu-es-xarcu\/\",\"url\":\"https:\/\/www.esxarcurestaurante.com\/en\/menu-es-xarcu\/\",\"name\":\"Menu - Es Xarcu Restaurante Ibiza\",\"isPartOf\":{\"@id\":\"https:\/\/www.esxarcurestaurante.com\/en\/#website\"},\"datePublished\":\"2015-11-16T15:42:48+00:00\",\"dateModified\":\"2017-05-05T11:18:23+00:00\",\"breadcrumb\":{\"@id\":\"https:\/\/www.esxarcurestaurante.com\/en\/menu-es-xarcu\/#breadcrumb\"},\"inLanguage\":\"en-US\",\"potentialAction\":[{\"@type\":\"ReadAction\",\"target\":[\"https:\/\/www.esxarcurestaurante.com\/en\/menu-es-xarcu\/\"]}]},{\"@type\":\"BreadcrumbList\",\"@id\":\"https:\/\/www.esxarcurestaurante.com\/en\/menu-es-xarcu\/#breadcrumb\",\"itemListElement\":[{\"@type\":\"ListItem\",\"position\":1,\"name\":\"Portada\",\"item\":\"https:\/\/www.esxarcurestaurante.com\/en\/\"},{\"@type\":\"ListItem\",\"position\":2,\"name\":\"Menu\"}]},{\"@type\":\"WebSite\",\"@id\":\"https:\/\/www.esxarcurestaurante.com\/en\/#website\",\"url\":\"https:\/\/www.esxarcurestaurante.com\/en\/\",\"name\":\"Es Xarcu Restaurante Ibiza\",\"description\":\"Restaurante Es Xarcu, donde disfrutar de la mejor cocina t\u00edpica ibicenca: aut\u00e9nticos pescados frescos de la Ibiza (rotja, denton, mero, gallo de San Pedro), gamba roja, jam\u00f3n cortado al momento y una amplia selecci\u00f3n de vinos.\",\"publisher\":{\"@id\":\"https:\/\/www.esxarcurestaurante.com\/en\/#organization\"},\"potentialAction\":[{\"@type\":\"SearchAction\",\"target\":{\"@type\":\"EntryPoint\",\"urlTemplate\":\"https:\/\/www.esxarcurestaurante.com\/en\/?s={search_term_string}\"},\"query-input\":\"required name=search_term_string\"}],\"inLanguage\":\"en-US\"},{\"@type\":\"Organization\",\"@id\":\"https:\/\/www.esxarcurestaurante.com\/en\/#organization\",\"name\":\"Es Xarcu Restaurante Ibiza\",\"url\":\"https:\/\/www.esxarcurestaurante.com\/en\/\",\"logo\":{\"@type\":\"ImageObject\",\"inLanguage\":\"en-US\",\"@id\":\"https:\/\/www.esxarcurestaurante.com\/en\/#\/schema\/logo\/image\/\",\"url\":\"https:\/\/www.esxarcurestaurante.com\/wp-content\/uploads\/2017\/04\/logo-es-xarcu-mobile.png\",\"contentUrl\":\"https:\/\/www.esxarcurestaurante.com\/wp-content\/uploads\/2017\/04\/logo-es-xarcu-mobile.png\",\"width\":307,\"height\":78,\"caption\":\"Es Xarcu Restaurante Ibiza\"},\"image\":{\"@id\":\"https:\/\/www.esxarcurestaurante.com\/en\/#\/schema\/logo\/image\/\"},\"sameAs\":[\"https:\/\/www.instagram.com\/esxarcu\/\"]}]}<\/script>\n<!-- \/ Yoast SEO plugin. -->","yoast_head_json":{"title":"Menu - Es Xarcu Restaurante Ibiza","robots":{"index":"index","follow":"follow","max-snippet":"max-snippet:-1","max-image-preview":"max-image-preview:large","max-video-preview":"max-video-preview:-1"},"canonical":"https:\/\/www.esxarcurestaurante.com\/en\/menu-es-xarcu\/","og_locale":"en_US","og_type":"article","og_title":"Menu - Es Xarcu Restaurante Ibiza","og_description":"[vc_row row_type=&#8221;parallax&#8221; content_aligment=&#8221;center&#8221; full_screen_section_height=&#8221;no&#8221; css=&#8221;.vc_custom_1493983096235{margin-right: 0px !important;margin-left: 0px !important;padding-top: 108px !important;padding-bottom: 108px !important;background-image: url(https:\/\/www.esxarcurestaurante.com\/wp-content\/uploads\/2015\/11\/raors-es-xarcu.jpg?id=4006) !important;}&#8221;][vc_column][\/vc_column][\/vc_row][vc_row css=&#8221;.vc_custom_1447769555653{padding-top: 20px !important;padding-bottom: 20px !important;}&#8221;][vc_column][vc_empty_space height=&#8221;40px&#8221;][\/vc_column][\/vc_row][vc_row row_type=&#8221;parallax&#8221; content_aligment=&#8221;center&#8221; full_screen_section_height=&#8221;no&#8221; css=&#8221;.vc_custom_1488890125599{margin-right: 0px !important;margin-left: 0px !important;padding-top: 108px !important;padding-bottom: 108px !important;background-image: url(https:\/\/www.esxarcurestaurante.com\/wp-content\/uploads\/2015\/11\/carta3.jpg?id=2876) !important;}&#8221;][vc_column][\/vc_column][\/vc_row][vc_row css=&#8221;.vc_custom_1447769555653{padding-top: 20px !important;padding-bottom: 20px !important;}&#8221;][vc_column][vc_empty_space height=&#8221;40px&#8221;][\/vc_column][\/vc_row][vc_row row_type=&#8221;parallax&#8221; content_aligment=&#8221;center&#8221; full_screen_section_height=&#8221;no&#8221; css=&#8221;.vc_custom_1488890311220{margin-right:...","og_url":"https:\/\/www.esxarcurestaurante.com\/en\/menu-es-xarcu\/","og_site_name":"Es Xarcu Restaurante Ibiza","article_modified_time":"2017-05-05T11:18:23+00:00","twitter_card":"summary_large_image","twitter_misc":{"Est. reading time":"3 minutes"},"schema":{"@context":"https:\/\/schema.org","@graph":[{"@type":"WebPage","@id":"https:\/\/www.esxarcurestaurante.com\/en\/menu-es-xarcu\/","url":"https:\/\/www.esxarcurestaurante.com\/en\/menu-es-xarcu\/","name":"Menu - Es Xarcu Restaurante Ibiza","isPartOf":{"@id":"https:\/\/www.esxarcurestaurante.com\/en\/#website"},"datePublished":"2015-11-16T15:42:48+00:00","dateModified":"2017-05-05T11:18:23+00:00","breadcrumb":{"@id":"https:\/\/www.esxarcurestaurante.com\/en\/menu-es-xarcu\/#breadcrumb"},"inLanguage":"en-US","potentialAction":[{"@type":"ReadAction","target":["https:\/\/www.esxarcurestaurante.com\/en\/menu-es-xarcu\/"]}]},{"@type":"BreadcrumbList","@id":"https:\/\/www.esxarcurestaurante.com\/en\/menu-es-xarcu\/#breadcrumb","itemListElement":[{"@type":"ListItem","position":1,"name":"Portada","item":"https:\/\/www.esxarcurestaurante.com\/en\/"},{"@type":"ListItem","position":2,"name":"Menu"}]},{"@type":"WebSite","@id":"https:\/\/www.esxarcurestaurante.com\/en\/#website","url":"https:\/\/www.esxarcurestaurante.com\/en\/","name":"Es Xarcu Restaurante Ibiza","description":"Restaurante Es Xarcu, donde disfrutar de la mejor cocina t\u00edpica ibicenca: aut\u00e9nticos pescados frescos de la Ibiza (rotja, denton, mero, gallo de San Pedro), gamba roja, jam\u00f3n cortado al momento y una amplia selecci\u00f3n de vinos.","publisher":{"@id":"https:\/\/www.esxarcurestaurante.com\/en\/#organization"},"potentialAction":[{"@type":"SearchAction","target":{"@type":"EntryPoint","urlTemplate":"https:\/\/www.esxarcurestaurante.com\/en\/?s={search_term_string}"},"query-input":"required name=search_term_string"}],"inLanguage":"en-US"},{"@type":"Organization","@id":"https:\/\/www.esxarcurestaurante.com\/en\/#organization","name":"Es Xarcu Restaurante Ibiza","url":"https:\/\/www.esxarcurestaurante.com\/en\/","logo":{"@type":"ImageObject","inLanguage":"en-US","@id":"https:\/\/www.esxarcurestaurante.com\/en\/#\/schema\/logo\/image\/","url":"https:\/\/www.esxarcurestaurante.com\/wp-content\/uploads\/2017\/04\/logo-es-xarcu-mobile.png","contentUrl":"https:\/\/www.esxarcurestaurante.com\/wp-content\/uploads\/2017\/04\/logo-es-xarcu-mobile.png","width":307,"height":78,"caption":"Es Xarcu Restaurante Ibiza"},"image":{"@id":"https:\/\/www.esxarcurestaurante.com\/en\/#\/schema\/logo\/image\/"},"sameAs":["https:\/\/www.instagram.com\/esxarcu\/"]}]}},"_links":{"self":[{"href":"https:\/\/www.esxarcurestaurante.com\/en\/wp-json\/wp\/v2\/pages\/3695"}],"collection":[{"href":"https:\/\/www.esxarcurestaurante.com\/en\/wp-json\/wp\/v2\/pages"}],"about":[{"href":"https:\/\/www.esxarcurestaurante.com\/en\/wp-json\/wp\/v2\/types\/page"}],"author":[{"embeddable":true,"href":"https:\/\/www.esxarcurestaurante.com\/en\/wp-json\/wp\/v2\/users\/1"}],"replies":[{"embeddable":true,"href":"https:\/\/www.esxarcurestaurante.com\/en\/wp-json\/wp\/v2\/comments?post=3695"}],"version-history":[{"count":0,"href":"https:\/\/www.esxarcurestaurante.com\/en\/wp-json\/wp\/v2\/pages\/3695\/revisions"}],"wp:attachment":[{"href":"https:\/\/www.esxarcurestaurante.com\/en\/wp-json\/wp\/v2\/media?parent=3695"}],"curies":[{"name":"wp","href":"https:\/\/api.w.org\/{rel}","templated":true}]}}